{"id":4527,"date":"2016-06-16T10:42:49","date_gmt":"2016-06-16T08:42:49","guid":{"rendered":"https:\/\/www.villa-bella.hr\/smjestaj\/"},"modified":"2020-08-06T17:04:05","modified_gmt":"2020-08-06T15:04:05","slug":"unterkunft","status":"publish","type":"page","link":"https:\/\/www.villa-bella.hr\/de\/unterkunft\/","title":{"rendered":"Unterkunft"},"content":{"rendered":"<p>[vc_row rt_row_background_width=&#8220;fullwidth&#8220; rt_row_content_width=&#8220;fullwidth&#8220; rt_row_style=&#8220;light-style&#8220; rt_row_height=&#8220;min_height&#8220; rt_holder_placement=&#8220;bottom&#8220; rt_column_placement=&#8220;middle&#8220; rt_row_borders=&#8220;&#8220; rt_row_shadows=&#8220;&#8220; rt_column_gaps=&#8220;&#8220; rt_row_paddings=&#8220;false&#8220; rt_bg_effect=&#8220;classic&#8220; rt_transparent_bg=&#8220;&#8220; rt_bg_image_repeat=&#8220;repeat&#8220; rt_bg_size=&#8220;cover&#8220; rt_bg_position=&#8220;center center&#8220; rt_bg_attachment=&#8220;scroll&#8220; rt_bg_video_format=&#8220;self-hosted&#8220; rt_min_row_height=&#8220;700&#8243; rt_bg_image=&#8220;3324&#8243;][vc_column width=&#8220;1\/2&#8243; rt_col_paddings=&#8220;true&#8220; rt_wrp_col_paddings=&#8220;false&#8220; rt_column_shadow=&#8220;&#8220; rt_border_top=&#8220;&#8220; rt_border_bottom=&#8220;&#8220; rt_border_left=&#8220;&#8220; rt_border_right=&#8220;&#8220; rt_border_top_mobile=&#8220;&#8220; rt_border_bottom_mobile=&#8220;&#8220; rt_border_left_mobile=&#8220;&#8220; rt_border_right_mobile=&#8220;&#8220; rt_bg_image_repeat=&#8220;repeat&#8220; rt_bg_size=&#8220;auto auto&#8220; rt_bg_position=&#8220;right top&#8220; rt_bg_attachment=&#8220;scroll&#8220; rt_bg_color=&#8220;&#8220; rt_bg_overlay_color=&#8220;&#8220;][\/vc_column][vc_column width=&#8220;1\/2&#8243; rt_col_paddings=&#8220;true&#8220; rt_wrp_col_paddings=&#8220;false&#8220; rt_column_shadow=&#8220;&#8220; rt_border_top=&#8220;&#8220; rt_border_bottom=&#8220;&#8220; rt_border_left=&#8220;&#8220; rt_border_right=&#8220;&#8220; rt_border_top_mobile=&#8220;&#8220; rt_border_bottom_mobile=&#8220;&#8220; rt_border_left_mobile=&#8220;&#8220; rt_border_right_mobile=&#8220;&#8220; rt_bg_image_repeat=&#8220;repeat&#8220; rt_bg_size=&#8220;auto auto&#8220; rt_bg_position=&#8220;right top&#8220; rt_bg_attachment=&#8220;scroll&#8220; rt_bg_color=&#8220;rgba(0,0,0,0.5)&#8220; rt_bg_overlay_color=&#8220;&#8220; rt_padding_top=&#8220;60&#8243; rt_padding_bottom=&#8220;60&#8243; rt_padding_left=&#8220;15%&#8220; rt_padding_right=&#8220;15%&#8220;]<div class=\"rt_heading_wrapper style-5\">\n\t\t\t\t\t\t<h1 class=\"rt_heading  style-5\" >UNTERKUNFT<\/h1> \n\t\t\t\t\t<\/div>[\/vc_column][\/vc_row][vc_row rt_row_background_width=&#8220;fullwidth&#8220; rt_row_content_width=&#8220;default&#8220; rt_row_style=&#8220;default-style&#8220; rt_row_height=&#8220;&#8220; rt_row_borders=&#8220;&#8220; rt_row_shadows=&#8220;&#8220; rt_column_gaps=&#8220;&#8220; rt_row_paddings=&#8220;true&#8220; rt_bg_effect=&#8220;custom_height&#8220; rt_bg_custom_alignment=&#8220;top&#8220; rt_transparent_bg=&#8220;true&#8220; rt_bg_image_repeat=&#8220;repeat&#8220; rt_bg_size=&#8220;cover&#8220; rt_bg_position=&#8220;right top&#8220; rt_bg_video_format=&#8220;self-hosted&#8220; rt_bg_custom_height=&#8220;30%&#8220; rt_padding_bottom=&#8220;60&#8243; rt_padding_top=&#8220;60&#8243;][vc_column width=&#8220;2\/3&#8243; rt_col_paddings=&#8220;true&#8220; rt_wrp_col_paddings=&#8220;false&#8220; rt_column_shadow=&#8220;&#8220; rt_border_top=&#8220;&#8220; rt_border_bottom=&#8220;&#8220; rt_border_left=&#8220;&#8220; rt_border_right=&#8220;&#8220; rt_border_top_mobile=&#8220;&#8220; rt_border_bottom_mobile=&#8220;&#8220; rt_border_left_mobile=&#8220;&#8220; rt_border_right_mobile=&#8220;&#8220; rt_bg_image_repeat=&#8220;repeat&#8220; rt_bg_size=&#8220;auto auto&#8220; rt_bg_position=&#8220;right top&#8220; rt_bg_attachment=&#8220;scroll&#8220; rt_bg_color=&#8220;&#8220; rt_bg_overlay_color=&#8220;&#8220;][vc_column_text]Die Villa Bella verf\u00fcgt \u00fcber zwei 4 Sterne Appartmens mit Blick aufs offene Meer sowie die Inseln Cres und Krk.<\/p>\n<p>Die G\u00fcte &amp; Qualit\u00e4t unsere Appartmens ist durch das Qualit\u00e4ssiegel \u201cKvarner Family Quality\u201d<br \/>\ngew\u00e4hrleistet, welches vom regionalen Tourismusverband vergeben wurde.<\/p>\n<p>Wir befolgen alle vorgeschriebenen hygienischen Standarts welche ihren Schutz gew\u00e4hrleisten. Damit ihr Aufenthalt so sicher &amp; angenehm wie m\u00f6glich f\u00fcr sie verl\u00e4uft.[\/vc_column_text][\/vc_column][vc_column width=&#8220;1\/3&#8243; rt_col_paddings=&#8220;true&#8220; rt_wrp_col_paddings=&#8220;false&#8220; rt_column_shadow=&#8220;&#8220; rt_border_top=&#8220;&#8220; rt_border_bottom=&#8220;&#8220; rt_border_left=&#8220;&#8220; rt_border_right=&#8220;&#8220; rt_border_top_mobile=&#8220;&#8220; rt_border_bottom_mobile=&#8220;&#8220; rt_border_left_mobile=&#8220;&#8220; rt_border_right_mobile=&#8220;&#8220; rt_bg_image_repeat=&#8220;repeat&#8220; rt_bg_size=&#8220;auto auto&#8220; rt_bg_position=&#8220;right top&#8220; rt_bg_attachment=&#8220;scroll&#8220; rt_bg_color=&#8220;&#8220; rt_bg_overlay_color=&#8220;&#8220;][vc_single_image image=&#8220;4123&#8243; img_size=&#8220;150&#215;150&#8243; alignment=&#8220;center&#8220; css_animation=&#8220;fadeInUp&#8220;][\/vc_column][\/vc_row][vc_row rt_row_background_width=&#8220;fullwidth&#8220; rt_row_content_width=&#8220;default&#8220; rt_row_style=&#8220;default-style&#8220; rt_row_height=&#8220;&#8220; rt_row_borders=&#8220;&#8220; rt_row_shadows=&#8220;&#8220; rt_column_gaps=&#8220;&#8220; rt_row_paddings=&#8220;true&#8220; rt_bg_effect=&#8220;classic&#8220; rt_transparent_bg=&#8220;&#8220; rt_bg_image_repeat=&#8220;repeat&#8220; rt_bg_size=&#8220;cover&#8220; rt_bg_position=&#8220;right top&#8220; rt_bg_attachment=&#8220;scroll&#8220; rt_bg_video_format=&#8220;self-hosted&#8220; rt_bg_color=&#8220;#f5f5f5&#8243; rt_padding_top=&#8220;60&#8243; rt_padding_bottom=&#8220;60&#8243;][vc_column rt_col_paddings=&#8220;true&#8220; rt_wrp_col_paddings=&#8220;false&#8220; rt_column_shadow=&#8220;&#8220; rt_border_top=&#8220;&#8220; rt_border_bottom=&#8220;&#8220; rt_border_left=&#8220;&#8220; rt_border_right=&#8220;&#8220; rt_border_top_mobile=&#8220;&#8220; rt_border_bottom_mobile=&#8220;&#8220; rt_border_left_mobile=&#8220;&#8220; rt_border_right_mobile=&#8220;&#8220; rt_bg_image_repeat=&#8220;repeat&#8220; rt_bg_size=&#8220;auto auto&#8220; rt_bg_position=&#8220;right top&#8220; rt_bg_attachment=&#8220;scroll&#8220; rt_bg_color=&#8220;&#8220; rt_bg_overlay_color=&#8220;&#8220;]\n<div id=\"rooms-dynamicID-364908\" class=\"rooms-holder clearfix  classic-layout\">\n<div class=\"row clearfix\">\n<div class=\"col col-sm-12  apartman-de\">\n\n<div class=\"room-info-wrapper\">\n\n\t\t\t<!-- room image -->\n\t\t<div class=\"room-image\"> \n\n\t\t\t\n\t\t\t<a href=\"https:\/\/www.villa-bella.hr\/de\/appartment\/ap1\/\" title=\"AP1\/2+0*****\" rel=\"bookmark\">\n\t\t\t\t<img decoding=\"async\" src=\"https:\/\/www.villa-bella.hr\/wp-content\/uploads\/2020\/07\/villa-bella-opatija-4-1000x667.jpg\" alt=\"villa-bella-opatija-4\" \/>\n\t\t\t<\/a> \n\t\t\t\n\t\t\t\n\t\t<\/div><!--\/ end .room-image -->\n\t\n\t<!-- room info -->\n\t<div class=\"room-info\">\n\n\t\t\t\t \n\t\t\t<!-- title-->\n\t\t\t<h5 class=\"room-title\"><a href=\"https:\/\/www.villa-bella.hr\/de\/appartment\/ap1\/\" title=\"AP1\/2+0*****\" rel=\"bookmark\">AP1\/2+0*****<\/a><\/h5> \n\t\t\t<div class=\"rt_divider style-2\"><\/div>\n\n\t\t\t<!-- text-->\n\t\t\t<p>Das Appartment besteht aus einem Schlafzimmer mit einem Doppelbett f\u00fcr 2 Personen, Wohnzimmer mit einem Hilfsbett f\u00fcr 2 Personen, K\u00fcche, Bad mit Dusche.<\/p><div class=\"rt_divider style-2\"><\/div>\n\n\t\t\t<!-- key features -->\n\t\t\t\t\t\t\n\n\t\t\t<!-- button -->\n\t\t\t\t\t\t\t<a class=\"button_ style-2 small margin-t30\" href=\"https:\/\/www.villa-bella.hr\/de\/appartment\/ap1\/\" title=\"AP1\/2+0*****\"><span class=\"icon-angle-right\"><\/span>Mehr<\/a>\n\t\t\t\t\t\n\t\t\t\n\n\t\t \t\n\t<\/div><!--\/ end .room-info -->\n\n<\/div><!--\/ end .room-info-wrapper --><\/div>\n<\/div>\n<div class=\"row clearfix\">\n<div class=\"col col-sm-12  apartman-de\">\n\n<div class=\"room-info-wrapper\">\n\n\t\t\t<!-- room image -->\n\t\t<div class=\"room-image\"> \n\n\t\t\t\n\t\t\t<a href=\"https:\/\/www.villa-bella.hr\/de\/appartment\/ap2\/\" title=\"AP2\/2+0*****\" rel=\"bookmark\">\n\t\t\t\t<img decoding=\"async\" src=\"https:\/\/www.villa-bella.hr\/wp-content\/uploads\/2020\/07\/villa-bella-opatija-4-1-1000x667.jpg\" alt=\"villa-bella-opatija-4\" \/>\n\t\t\t<\/a> \n\t\t\t\n\t\t\t\n\t\t<\/div><!--\/ end .room-image -->\n\t\n\t<!-- room info -->\n\t<div class=\"room-info\">\n\n\t\t\t\t \n\t\t\t<!-- title-->\n\t\t\t<h5 class=\"room-title\"><a href=\"https:\/\/www.villa-bella.hr\/de\/appartment\/ap2\/\" title=\"AP2\/2+0*****\" rel=\"bookmark\">AP2\/2+0*****<\/a><\/h5> \n\t\t\t<div class=\"rt_divider style-2\"><\/div>\n\n\t\t\t<!-- text-->\n\t\t\t<p>Das Appartment besteht aus einem Schlafzimmer mit einem Doppelbett f\u00fcr 2 Personen, Wohnzimmer mit einem Hilfsbett f\u00fcr 2 Personen,K\u00fcche,Bad mit Dusche.<\/p><div class=\"rt_divider style-2\"><\/div>\n\n\t\t\t<!-- key features -->\n\t\t\t\t\t\t\n\n\t\t\t<!-- button -->\n\t\t\t\t\t\t\t<a class=\"button_ style-2 small margin-t30\" href=\"https:\/\/www.villa-bella.hr\/de\/appartment\/ap2\/\" title=\"AP2\/2+0*****\"><span class=\"icon-angle-right\"><\/span>Mehr<\/a>\n\t\t\t\t\t\n\t\t\t\n\n\t\t \t\n\t<\/div><!--\/ end .room-info -->\n\n<\/div><!--\/ end .room-info-wrapper --><\/div>\n<\/div>\n<\/div>\n[\/vc_column][\/vc_row]<\/p>\n","protected":false},"excerpt":{"rendered":"<p>[vc_row rt_row_background_width=&#8220;fullwidth&#8220; rt_row_content_width=&#8220;fullwidth&#8220; rt_row_style=&#8220;light-style&#8220; rt_row_height=&#8220;min_height&#8220; rt_holder_placement=&#8220;bottom&#8220; rt_column_placement=&#8220;middle&#8220; rt_row_borders=&#8220;&#8220; rt_row_shadows=&#8220;&#8220; rt_column_gaps=&#8220;&#8220; rt_row_paddings=&#8220;false&#8220; rt_bg_effect=&#8220;classic&#8220; rt_transparent_bg=&#8220;&#8220; rt_bg_image_repeat=&#8220;repeat&#8220; rt_bg_size=&#8220;cover&#8220; rt_bg_position=&#8220;center center&#8220; rt_bg_attachment=&#8220;scroll&#8220; rt_bg_video_format=&#8220;self-hosted&#8220; rt_min_row_height=&#8220;700&#8243; rt_bg_image=&#8220;3324&#8243;][vc_column width=&#8220;1\/2&#8243; rt_col_paddings=&#8220;true&#8220; rt_wrp_col_paddings=&#8220;false&#8220; rt_column_shadow=&#8220;&#8220; rt_border_top=&#8220;&#8220; rt_border_bottom=&#8220;&#8220; rt_border_left=&#8220;&#8220; rt_border_right=&#8220;&#8220; rt_border_top_mobile=&#8220;&#8220; rt_border_bottom_mobile=&#8220;&#8220; rt_border_left_mobile=&#8220;&#8220; rt_border_right_mobile=&#8220;&#8220; rt_bg_image_repeat=&#8220;repeat&#8220; rt_bg_size=&#8220;auto auto&#8220; rt_bg_position=&#8220;right top&#8220; rt_bg_attachment=&#8220;scroll&#8220; rt_bg_color=&#8220;&#8220; rt_bg_overlay_color=&#8220;&#8220;][\/vc_column][vc_column width=&#8220;1\/2&#8243; rt_col_paddings=&#8220;true&#8220; rt_wrp_col_paddings=&#8220;false&#8220; rt_column_shadow=&#8220;&#8220; rt_border_top=&#8220;&#8220; rt_border_bottom=&#8220;&#8220; rt_border_left=&#8220;&#8220; rt_border_right=&#8220;&#8220; rt_border_top_mobile=&#8220;&#8220; rt_border_bottom_mobile=&#8220;&#8220; rt_border_left_mobile=&#8220;&#8220; rt_border_right_mobile=&#8220;&#8220; rt_bg_image_repeat=&#8220;repeat&#8220; rt_bg_size=&#8220;auto &#8230; <a class=\"more-link\" href=\"https:\/\/www.villa-bella.hr\/de\/appartment\/ap2\/\">Continue reading<\/a><\/p>\n","protected":false},"author":1,"featured_media":0,"parent":0,"menu_order":0,"comment_status":"closed","ping_status":"closed","template":"","meta":{"footnotes":""},"class_list":["post-4527","page","type-page","status-publish","hentry"],"_links":{"self":[{"href":"https:\/\/www.villa-bella.hr\/de\/wp-json\/wp\/v2\/pages\/4527","targetHints":{"allow":["GET"]}}],"collection":[{"href":"https:\/\/www.villa-bella.hr\/de\/wp-json\/wp\/v2\/pages"}],"about":[{"href":"https:\/\/www.villa-bella.hr\/de\/wp-json\/wp\/v2\/types\/page"}],"author":[{"embeddable":true,"href":"https:\/\/www.villa-bella.hr\/de\/wp-json\/wp\/v2\/users\/1"}],"replies":[{"embeddable":true,"href":"https:\/\/www.villa-bella.hr\/de\/wp-json\/wp\/v2\/comments?post=4527"}],"version-history":[{"count":2,"href":"https:\/\/www.villa-bella.hr\/de\/wp-json\/wp\/v2\/pages\/4527\/revisions"}],"predecessor-version":[{"id":4530,"href":"https:\/\/www.villa-bella.hr\/de\/wp-json\/wp\/v2\/pages\/4527\/revisions\/4530"}],"wp:attachment":[{"href":"https:\/\/www.villa-bella.hr\/de\/wp-json\/wp\/v2\/media?parent=4527"}],"curies":[{"name":"wp","href":"https:\/\/api.w.org\/{rel}","templated":true}]}}