{"id":4510,"date":"2016-06-14T06:50:18","date_gmt":"2016-06-14T04:50:18","guid":{"rendered":"https:\/\/www.villa-bella.hr\/o-nama\/"},"modified":"2020-08-16T12:42:37","modified_gmt":"2020-08-16T10:42:37","slug":"ueber-uns","status":"publish","type":"page","link":"https:\/\/www.villa-bella.hr\/de\/ueber-uns\/","title":{"rendered":"\u00dcber uns"},"content":{"rendered":"<p>[vc_row rt_row_background_width=&#8220;fullwidth&#8220; rt_row_content_width=&#8220;fullwidth&#8220; rt_row_style=&#8220;alt-style-1&#8243; rt_row_height=&#8220;min_height&#8220; rt_holder_placement=&#8220;bottom&#8220; rt_column_placement=&#8220;bottom&#8220; rt_row_borders=&#8220;&#8220; rt_row_shadows=&#8220;&#8220; rt_column_gaps=&#8220;&#8220; rt_row_paddings=&#8220;false&#8220; rt_bg_effect=&#8220;classic&#8220; rt_transparent_bg=&#8220;&#8220; rt_bg_image_repeat=&#8220;no-repeat&#8220; rt_bg_size=&#8220;cover&#8220; rt_bg_position=&#8220;center center&#8220; rt_bg_attachment=&#8220;scroll&#8220; rt_bg_video_format=&#8220;youtube&#8220; rt_bg_image=&#8220;3639&#8243; rt_bg_overlay_color=&#8220;rgba(0,0,0,0.07)&#8220; rt_min_row_height=&#8220;700&#8243;][vc_column width=&#8220;1\/2&#8243; rt_col_paddings=&#8220;false&#8220; rt_wrp_col_paddings=&#8220;false&#8220; rt_column_shadow=&#8220;&#8220; rt_border_top=&#8220;&#8220; rt_border_bottom=&#8220;&#8220; rt_border_left=&#8220;&#8220; rt_border_right=&#8220;&#8220; rt_border_top_mobile=&#8220;&#8220; rt_border_bottom_mobile=&#8220;&#8220; rt_border_left_mobile=&#8220;&#8220; rt_border_right_mobile=&#8220;&#8220; rt_bg_image_repeat=&#8220;repeat&#8220; rt_bg_size=&#8220;auto auto&#8220; rt_bg_position=&#8220;right top&#8220; rt_bg_attachment=&#8220;scroll&#8220; rt_bg_color=&#8220;&#8220; rt_bg_overlay_color=&#8220;&#8220;][\/vc_column][vc_column width=&#8220;1\/2&#8243; rt_color_set=&#8220;light-style&#8220; rt_col_paddings=&#8220;true&#8220; rt_wrp_col_paddings=&#8220;false&#8220; rt_column_shadow=&#8220;&#8220; rt_border_top=&#8220;&#8220; rt_border_bottom=&#8220;&#8220; rt_border_left=&#8220;&#8220; rt_border_right=&#8220;&#8220; rt_border_top_mobile=&#8220;&#8220; rt_border_bottom_mobile=&#8220;&#8220; rt_border_left_mobile=&#8220;&#8220; rt_border_right_mobile=&#8220;&#8220; rt_bg_image_repeat=&#8220;repeat&#8220; rt_bg_size=&#8220;auto auto&#8220; rt_bg_position=&#8220;right top&#8220; rt_bg_attachment=&#8220;scroll&#8220; rt_padding_top=&#8220;60px&#8220; rt_padding_bottom=&#8220;60px&#8220; rt_padding_left=&#8220;15%&#8220; rt_padding_right=&#8220;50px&#8220; rt_bg_color=&#8220;&#8220; rt_bg_overlay_color=&#8220;&#8220; css=&#8220;.vc_custom_1596140136140{background-color: rgba(0,0,0,0.5) !important;*background-color: rgb(0,0,0) !important;}&#8220;]<div class=\"rt_heading_wrapper style-5\">\n\t\t\t\t\t\t<h1 class=\"rt_heading  style-5\" >\u00dcBER UNS<\/h1> \n\t\t\t\t\t<\/div><div class=\"rt_heading_wrapper no-style\">\n\t\t\t\t\t\t<span class=\"rt_heading  secondary-font no-style\"  style=\"font-size:22px;\">Villa Bella, Opatija<\/span> \n\t\t\t\t\t<\/div>[\/vc_column][\/vc_row][vc_row rt_row_background_width=&#8220;fullwidth&#8220; rt_row_content_width=&#8220;fullwidth&#8220; rt_row_style=&#8220;default-style&#8220; rt_row_height=&#8220;&#8220; rt_column_placement=&#8220;middle&#8220; rt_row_borders=&#8220;&#8220; rt_row_shadows=&#8220;&#8220; rt_column_gaps=&#8220;&#8220; rt_row_paddings=&#8220;false&#8220; rt_bg_effect=&#8220;classic&#8220; rt_transparent_bg=&#8220;&#8220; rt_bg_image_repeat=&#8220;repeat&#8220; rt_bg_size=&#8220;cover&#8220; rt_bg_position=&#8220;right top&#8220; rt_bg_attachment=&#8220;scroll&#8220; rt_bg_video_format=&#8220;self-hosted&#8220;][vc_column css_animation=&#8220;fadeInLeft&#8220; width=&#8220;1\/2&#8243; rt_col_paddings=&#8220;true&#8220; rt_wrp_col_paddings=&#8220;false&#8220; rt_column_shadow=&#8220;&#8220; rt_border_top=&#8220;&#8220; rt_border_bottom=&#8220;&#8220; rt_border_left=&#8220;&#8220; rt_border_right=&#8220;&#8220; rt_border_top_mobile=&#8220;&#8220; rt_border_bottom_mobile=&#8220;&#8220; rt_border_left_mobile=&#8220;&#8220; rt_border_right_mobile=&#8220;&#8220; rt_bg_image_repeat=&#8220;repeat&#8220; rt_bg_size=&#8220;auto auto&#8220; rt_bg_position=&#8220;right top&#8220; rt_bg_attachment=&#8220;scroll&#8220; rt_bg_color=&#8220;&#8220; rt_bg_overlay_color=&#8220;&#8220; rt_padding_top=&#8220;50px&#8220; rt_padding_bottom=&#8220;50px&#8220; rt_padding_left=&#8220;15%&#8220; rt_padding_right=&#8220;15%&#8220;][vc_column_text]Unterhalb des Ausl\u00e4ufers vom Natur Park U\u010dka, liegt die wundersch\u00f6ne und im zeitgen\u00f6sischen Stil errichtete Villa Bella. Die Villa ist nur 30 m vom Meer,der Uferpromenade \u201eLungomare\u201c sowie von einem Restaurant entfernt. Fu\u00dfl\u00e4ufig (10-15 Minuten) entlang der Uferpromenade liegt die \u00f6rtliche ACI Marina, sowie ein gepflegter Badestrand mit Blauer Fahne, als auch ein Supermarkt und die Post.[\/vc_column_text][\/vc_column][vc_column css_animation=&#8220;fadeIn&#8220; width=&#8220;1\/2&#8243; rt_col_paddings=&#8220;false&#8220; rt_wrp_col_paddings=&#8220;false&#8220; rt_column_shadow=&#8220;&#8220; rt_border_top=&#8220;&#8220; rt_border_bottom=&#8220;&#8220; rt_border_left=&#8220;&#8220; rt_border_right=&#8220;&#8220; rt_border_top_mobile=&#8220;&#8220; rt_border_bottom_mobile=&#8220;&#8220; rt_border_left_mobile=&#8220;&#8220; rt_border_right_mobile=&#8220;&#8220; rt_bg_image_repeat=&#8220;no-repeat&#8220; rt_bg_size=&#8220;cover&#8220; rt_bg_position=&#8220;center center&#8220; rt_bg_attachment=&#8220;scroll&#8220; rt_bg_color=&#8220;&#8220; rt_bg_overlay_color=&#8220;&#8220;]\r\n\t\t\t\t<div id=\"image-carousel-865625\" class=\"rt-carousel carousel-holder clearfix rt_lightbox_gallery\" data-item-width=\"1\" data-nav=\"true\" data-dots=\"false\" data-margin=\"0\" data-autoplay=\"false\" data-timeout=\"5000\" data-thumbnails=\"false\" data-boxed=\"false\" data-min-height=\"\" data-padding=\"0\" data-loop=\"false\" data-mobile-item-width=\"1\">\r\n\t\t\t\t\t<div class=\"owl-carousel\">\r\n\t\t\t\t\t\t<div><img decoding=\"async\" src=\"https:\/\/www.villa-bella.hr\/wp-content\/uploads\/2020\/07\/villa-bella-opatija-slide-1-scaled-980x654.jpg\" alt=\"\"><\/div>\r\n\t\t\t\t\t<\/div>\r\n\t\t\t\t\t\r\n\t\t\t\t\t\r\n\t\t\t\t<\/div>\r\n\t\t\t[\/vc_column][\/vc_row][vc_row rt_row_background_width=&#8220;fullwidth&#8220; rt_row_content_width=&#8220;fullwidth&#8220; rt_row_style=&#8220;default-style&#8220; rt_row_height=&#8220;&#8220; rt_column_placement=&#8220;middle&#8220; rt_row_borders=&#8220;&#8220; rt_row_shadows=&#8220;&#8220; rt_column_gaps=&#8220;&#8220; rt_row_paddings=&#8220;false&#8220; rt_bg_effect=&#8220;classic&#8220; rt_transparent_bg=&#8220;&#8220; rt_bg_image_repeat=&#8220;repeat&#8220; rt_bg_size=&#8220;cover&#8220; rt_bg_position=&#8220;right top&#8220; rt_bg_attachment=&#8220;scroll&#8220; rt_bg_video_format=&#8220;self-hosted&#8220;][vc_column css_animation=&#8220;fadeIn&#8220; width=&#8220;1\/2&#8243; rt_col_paddings=&#8220;false&#8220; rt_wrp_col_paddings=&#8220;false&#8220; rt_column_shadow=&#8220;&#8220; rt_border_top=&#8220;&#8220; rt_border_bottom=&#8220;&#8220; rt_border_left=&#8220;&#8220; rt_border_right=&#8220;&#8220; rt_border_top_mobile=&#8220;&#8220; rt_border_bottom_mobile=&#8220;&#8220; rt_border_left_mobile=&#8220;&#8220; rt_border_right_mobile=&#8220;&#8220; rt_bg_image_repeat=&#8220;repeat&#8220; rt_bg_size=&#8220;auto auto&#8220; rt_bg_position=&#8220;right top&#8220; rt_bg_attachment=&#8220;scroll&#8220; rt_bg_color=&#8220;&#8220; rt_bg_overlay_color=&#8220;&#8220;]\r\n\t\t\t\t<div id=\"image-carousel-730632\" class=\"rt-carousel carousel-holder clearfix rt_lightbox_gallery\" data-item-width=\"1\" data-nav=\"true\" data-dots=\"false\" data-margin=\"0\" data-autoplay=\"false\" data-timeout=\"5000\" data-thumbnails=\"false\" data-boxed=\"false\" data-min-height=\"\" data-padding=\"0\" data-loop=\"false\" data-mobile-item-width=\"1\">\r\n\t\t\t\t\t<div class=\"owl-carousel\">\r\n\t\t\t\t\t\t<div><img decoding=\"async\" src=\"https:\/\/www.villa-bella.hr\/wp-content\/uploads\/2020\/07\/villa-bella-opatija-19-980x653.jpg\" alt=\"\"><\/div><div><img decoding=\"async\" src=\"https:\/\/www.villa-bella.hr\/wp-content\/uploads\/2020\/07\/villa-bella-opatija-13-980x653.jpg\" alt=\"\"><\/div><div><img decoding=\"async\" src=\"https:\/\/www.villa-bella.hr\/wp-content\/uploads\/2020\/07\/villa-bella-opatija-20-980x653.jpg\" alt=\"\"><\/div>\r\n\t\t\t\t\t<\/div>\r\n\t\t\t\t\t\r\n\t\t\t\t\t\r\n\t\t\t\t<\/div>\r\n\t\t\t[\/vc_column][vc_column css_animation=&#8220;fadeInRight&#8220; width=&#8220;1\/2&#8243; rt_col_paddings=&#8220;true&#8220; rt_wrp_col_paddings=&#8220;false&#8220; rt_column_shadow=&#8220;&#8220; rt_border_top=&#8220;&#8220; rt_border_bottom=&#8220;&#8220; rt_border_left=&#8220;&#8220; rt_border_right=&#8220;&#8220; rt_border_top_mobile=&#8220;&#8220; rt_border_bottom_mobile=&#8220;&#8220; rt_border_left_mobile=&#8220;&#8220; rt_border_right_mobile=&#8220;&#8220; rt_bg_image_repeat=&#8220;no-repeat&#8220; rt_bg_size=&#8220;cover&#8220; rt_bg_position=&#8220;center center&#8220; rt_bg_attachment=&#8220;scroll&#8220; rt_bg_color=&#8220;&#8220; rt_bg_overlay_color=&#8220;&#8220; rt_padding_top=&#8220;50px&#8220; rt_padding_bottom=&#8220;50px&#8220; rt_padding_left=&#8220;15%&#8220; rt_padding_right=&#8220;15%&#8220;][vc_column_text]Die Villa Bella verf\u00fcgt \u00fcber zwei 4 Sterne Appartments (<a href=\"https:\/\/www.villa-bella.hr\/de\/appartment\/ap1\/\">AP1\/2+2<\/a> und <a href=\"https:\/\/www.villa-bella.hr\/de\/appartment\/ap2\/\">AP2\/2+2<\/a>) mit Blick aufs offene Meer sowie die Inseln Cres und Krk.<\/p>\n<p>Die G\u00fcte &amp; Qualit\u00e4t unsere Appartments ist durch das Qualit\u00e4ssiegel \u201cKvarner Family Quality\u201d gew\u00e4hrleistet, welches vom regionalen Tourismusverband vergeben wurde.[\/vc_column_text][\/vc_column][\/vc_row][vc_row rt_row_background_width=&#8220;fullwidth&#8220; rt_row_content_width=&#8220;fullwidth&#8220; rt_row_style=&#8220;default-style&#8220; rt_row_height=&#8220;&#8220; rt_column_placement=&#8220;middle&#8220; rt_row_borders=&#8220;&#8220; rt_row_shadows=&#8220;&#8220; rt_column_gaps=&#8220;&#8220; rt_row_paddings=&#8220;false&#8220; rt_bg_effect=&#8220;classic&#8220; rt_transparent_bg=&#8220;&#8220; rt_bg_image_repeat=&#8220;repeat&#8220; rt_bg_size=&#8220;cover&#8220; rt_bg_position=&#8220;right top&#8220; rt_bg_attachment=&#8220;scroll&#8220; rt_bg_video_format=&#8220;self-hosted&#8220;][vc_column css_animation=&#8220;fadeInLeft&#8220; width=&#8220;1\/2&#8243; rt_col_paddings=&#8220;true&#8220; rt_wrp_col_paddings=&#8220;false&#8220; rt_column_shadow=&#8220;&#8220; rt_border_top=&#8220;&#8220; rt_border_bottom=&#8220;&#8220; rt_border_left=&#8220;&#8220; rt_border_right=&#8220;&#8220; rt_border_top_mobile=&#8220;&#8220; rt_border_bottom_mobile=&#8220;&#8220; rt_border_left_mobile=&#8220;&#8220; rt_border_right_mobile=&#8220;&#8220; rt_bg_image_repeat=&#8220;repeat&#8220; rt_bg_size=&#8220;auto auto&#8220; rt_bg_position=&#8220;right top&#8220; rt_bg_attachment=&#8220;scroll&#8220; rt_bg_color=&#8220;&#8220; rt_bg_overlay_color=&#8220;&#8220; rt_padding_top=&#8220;50px&#8220; rt_padding_bottom=&#8220;50px&#8220; rt_padding_left=&#8220;15%&#8220; rt_padding_right=&#8220;15%&#8220;][vc_column_text]Der gro\u00dfe Garten mit viel Gr\u00fcnem Sichtschutz aus verschiedene Pflanze &amp; Blumen sichert Ihnen w\u00e4hrend ihres Aufenthaltes absolute Privatheit.<\/p>\n<p>Umgeben von mediterranem Pflanzen bietet die Destination alles was man zum Geniesen der Region um Opatija sucht.<\/p>\n<p>Wir befolgen alle vorgeschriebenen hygienischen Standarts welche ihren Schutz gew\u00e4hrleisten. Damit ihr Aufenthalt so sicher &amp; angenehm wie m\u00f6glich f\u00fcr sie verl\u00e4uft.<\/p>\n<p>Mit der <a href=\"https:\/\/www.villa-bella.hr\/de\/galerie\/\">Fotogalerie<\/a> unserer Appartmens k\u00f6nnen sie sich selbst einen Eindruck \u00fcber die Lage und Ausstatung der Villa Bella verschaffen, sowie von der Kavarner Bucht als auch von Opatija.[\/vc_column_text][\/vc_column][vc_column css_animation=&#8220;fadeIn&#8220; width=&#8220;1\/2&#8243; rt_col_paddings=&#8220;false&#8220; rt_wrp_col_paddings=&#8220;false&#8220; rt_column_shadow=&#8220;&#8220; rt_border_top=&#8220;&#8220; rt_border_bottom=&#8220;&#8220; rt_border_left=&#8220;&#8220; rt_border_right=&#8220;&#8220; rt_border_top_mobile=&#8220;&#8220; rt_border_bottom_mobile=&#8220;&#8220; rt_border_left_mobile=&#8220;&#8220; rt_border_right_mobile=&#8220;&#8220; rt_bg_image_repeat=&#8220;no-repeat&#8220; rt_bg_size=&#8220;cover&#8220; rt_bg_position=&#8220;center center&#8220; rt_bg_attachment=&#8220;scroll&#8220; rt_bg_color=&#8220;&#8220; rt_bg_overlay_color=&#8220;&#8220;]\r\n\t\t\t\t<div id=\"image-carousel-436950\" class=\"rt-carousel carousel-holder clearfix rt_lightbox_gallery\" data-item-width=\"1\" data-nav=\"true\" data-dots=\"false\" data-margin=\"0\" data-autoplay=\"false\" data-timeout=\"5000\" data-thumbnails=\"false\" data-boxed=\"false\" data-min-height=\"\" data-padding=\"0\" data-loop=\"false\" data-mobile-item-width=\"1\">\r\n\t\t\t\t\t<div class=\"owl-carousel\">\r\n\t\t\t\t\t\t<div><img decoding=\"async\" src=\"https:\/\/www.villa-bella.hr\/wp-content\/uploads\/2020\/07\/IMG_4014-scaled-980x654.jpg\" alt=\"\"><\/div><div><img decoding=\"async\" src=\"https:\/\/www.villa-bella.hr\/wp-content\/uploads\/2020\/07\/IMG_4021-scaled-980x654.jpg\" alt=\"\"><\/div><div><img decoding=\"async\" src=\"https:\/\/www.villa-bella.hr\/wp-content\/uploads\/2020\/07\/IMG_4039-980x653.jpg\" alt=\"\"><\/div>\r\n\t\t\t\t\t<\/div>\r\n\t\t\t\t\t\r\n\t\t\t\t\t\r\n\t\t\t\t<\/div>\r\n\t\t\t[\/vc_column][\/vc_row]<\/p>\n","protected":false},"excerpt":{"rendered":"<p>[vc_row rt_row_background_width=&#8220;fullwidth&#8220; rt_row_content_width=&#8220;fullwidth&#8220; rt_row_style=&#8220;alt-style-1&#8243; rt_row_height=&#8220;min_height&#8220; rt_holder_placement=&#8220;bottom&#8220; rt_column_placement=&#8220;bottom&#8220; rt_row_borders=&#8220;&#8220; rt_row_shadows=&#8220;&#8220; rt_column_gaps=&#8220;&#8220; rt_row_paddings=&#8220;false&#8220; rt_bg_effect=&#8220;classic&#8220; rt_transparent_bg=&#8220;&#8220; rt_bg_image_repeat=&#8220;no-repeat&#8220; rt_bg_size=&#8220;cover&#8220; rt_bg_position=&#8220;center center&#8220; rt_bg_attachment=&#8220;scroll&#8220; rt_bg_video_format=&#8220;youtube&#8220; rt_bg_image=&#8220;3639&#8243; rt_bg_overlay_color=&#8220;rgba(0,0,0,0.07)&#8220; rt_min_row_height=&#8220;700&#8243;][vc_column width=&#8220;1\/2&#8243; rt_col_paddings=&#8220;false&#8220; rt_wrp_col_paddings=&#8220;false&#8220; rt_column_shadow=&#8220;&#8220; rt_border_top=&#8220;&#8220; rt_border_bottom=&#8220;&#8220; rt_border_left=&#8220;&#8220; rt_border_right=&#8220;&#8220; rt_border_top_mobile=&#8220;&#8220; rt_border_bottom_mobile=&#8220;&#8220; rt_border_left_mobile=&#8220;&#8220; rt_border_right_mobile=&#8220;&#8220; rt_bg_image_repeat=&#8220;repeat&#8220; rt_bg_size=&#8220;auto auto&#8220; rt_bg_position=&#8220;right top&#8220; rt_bg_attachment=&#8220;scroll&#8220; rt_bg_color=&#8220;&#8220; rt_bg_overlay_color=&#8220;&#8220;][\/vc_column][vc_column width=&#8220;1\/2&#8243; rt_color_set=&#8220;light-style&#8220; rt_col_paddings=&#8220;true&#8220; rt_wrp_col_paddings=&#8220;false&#8220; rt_column_shadow=&#8220;&#8220; rt_border_top=&#8220;&#8220; rt_border_bottom=&#8220;&#8220; rt_border_left=&#8220;&#8220; rt_border_right=&#8220;&#8220; rt_border_top_mobile=&#8220;&#8220; rt_border_bottom_mobile=&#8220;&#8220; rt_border_left_mobile=&#8220;&#8220; rt_border_right_mobile=&#8220;&#8220; &#8230; <a class=\"more-link\" href=\"https:\/\/www.villa-bella.hr\/de\/ueber-uns\/\">Continue reading<\/a><\/p>\n","protected":false},"author":1,"featured_media":0,"parent":0,"menu_order":0,"comment_status":"closed","ping_status":"closed","template":"","meta":{"footnotes":""},"class_list":["post-4510","page","type-page","status-publish","hentry"],"_links":{"self":[{"href":"https:\/\/www.villa-bella.hr\/de\/wp-json\/wp\/v2\/pages\/4510","targetHints":{"allow":["GET"]}}],"collection":[{"href":"https:\/\/www.villa-bella.hr\/de\/wp-json\/wp\/v2\/pages"}],"about":[{"href":"https:\/\/www.villa-bella.hr\/de\/wp-json\/wp\/v2\/types\/page"}],"author":[{"embeddable":true,"href":"https:\/\/www.villa-bella.hr\/de\/wp-json\/wp\/v2\/users\/1"}],"replies":[{"embeddable":true,"href":"https:\/\/www.villa-bella.hr\/de\/wp-json\/wp\/v2\/comments?post=4510"}],"version-history":[{"count":7,"href":"https:\/\/www.villa-bella.hr\/de\/wp-json\/wp\/v2\/pages\/4510\/revisions"}],"predecessor-version":[{"id":4590,"href":"https:\/\/www.villa-bella.hr\/de\/wp-json\/wp\/v2\/pages\/4510\/revisions\/4590"}],"wp:attachment":[{"href":"https:\/\/www.villa-bella.hr\/de\/wp-json\/wp\/v2\/media?parent=4510"}],"curies":[{"name":"wp","href":"https:\/\/api.w.org\/{rel}","templated":true}]}}